{"id":860,"date":"2025-07-09T16:16:03","date_gmt":"2025-07-09T14:16:03","guid":{"rendered":"https:\/\/msc-pruem.de\/?page_id=860"},"modified":"2025-07-09T16:16:04","modified_gmt":"2025-07-09T14:16:04","slug":"anmeldung-zu-unseren-veranstaltungen","status":"publish","type":"page","link":"https:\/\/msc-pruem.de\/index.php\/anmeldung-zu-unseren-veranstaltungen\/","title":{"rendered":"Anmeldung zu unseren Veranstaltungen"},"content":{"rendered":"<div class=\"frm_forms  with_frm_style frm_style_formidable-style\" id=\"frm_form_13_container\" data-token=\"c5c6b30555c7957b29dfde049290c14e\">\n<form enctype=\"multipart\/form-data\" method=\"post\" class=\"frm-show-form \" id=\"form_anmeldung-fuer-tour\" data-token=\"c5c6b30555c7957b29dfde049290c14e\">\n<div class=\"frm_form_fields \">\n<fieldset>\n<legend class=\"frm_screen_reader\">Anmeldung f\u00fcr Tour\/Veranstaltung<\/legend>\r\n\r\n<div class=\"frm_fields_container\">\n<input type=\"hidden\" name=\"frm_action\" value=\"create\" \/>\n<input type=\"hidden\" name=\"form_id\" value=\"13\" \/>\n<input type=\"hidden\" name=\"frm_hide_fields_13\" id=\"frm_hide_fields_13\" value=\"\" \/>\n<input type=\"hidden\" name=\"form_key\" value=\"anmeldung-fuer-tour\" \/>\n<input type=\"hidden\" name=\"item_meta[0]\" value=\"\" \/>\n<input type=\"hidden\" id=\"frm_submit_entry_13\" name=\"frm_submit_entry_13\" value=\"0d81e90dbe\" \/><input type=\"hidden\" name=\"_wp_http_referer\" value=\"\/index.php\/wp-json\/wp\/v2\/pages\/860\" \/><div id=\"frm_field_258_container\" class=\"frm_form_field  frm_html_container form-field\">Mit * markierte Felder sind Pflichtfelder.<\/div>\n<div id=\"frm_field_252_container\" class=\"frm_form_field form-field  frm_required_field frm_top_container frm6 frm_first\">\n\t<label for=\"field_tgwkd\" id=\"field_tgwkd_label\" class=\"frm_primary_label\">Vorname\n\t\t<span class=\"frm_required\" aria-hidden=\"true\">*<\/span>\n\t<\/label>\n\t<input type=\"text\" id=\"field_tgwkd\" name=\"item_meta[252]\" value=\"\"  data-reqmsg=\"Dieses Feld darf nicht leer sein.\" aria-required=\"true\" data-invmsg=\"Vorname ist ung\u00fcltig\" aria-invalid=\"false\"  \/>\n\t\n\t\n<\/div>\n<div id=\"frm_field_257_container\" class=\"frm_form_field form-field  frm_required_field frm_top_container frm6\">\n\t<label for=\"field_xhv4n\" id=\"field_xhv4n_label\" class=\"frm_primary_label\">Nachname\n\t\t<span class=\"frm_required\" aria-hidden=\"true\">*<\/span>\n\t<\/label>\n\t<input type=\"text\" id=\"field_xhv4n\" name=\"item_meta[257]\" value=\"\"  data-reqmsg=\"Dieses Feld darf nicht leer sein.\" aria-required=\"true\" data-invmsg=\"Nachname ist ung\u00fcltig\" aria-invalid=\"false\"  \/>\n\t\n\t\n<\/div>\n<div id=\"frm_field_259_container\" class=\"frm_form_field form-field  frm_top_container frm4 frm_first\">\n\t<label for=\"field_oqvbh\" id=\"field_oqvbh_label\" class=\"frm_primary_label\">Stra\u00dfe\n\t\t<span class=\"frm_required\" aria-hidden=\"true\"><\/span>\n\t<\/label>\n\t<input type=\"text\" id=\"field_oqvbh\" name=\"item_meta[259]\" value=\"\"  data-invmsg=\"Stra\u00dfe ist ung\u00fcltig\" aria-invalid=\"false\"  \/>\n\t\n\t\n<\/div>\n<div id=\"frm_field_260_container\" class=\"frm_form_field form-field  frm_top_container frm4\">\n\t<label for=\"field_7zqds\" id=\"field_7zqds_label\" class=\"frm_primary_label\">PLZ\n\t\t<span class=\"frm_required\" aria-hidden=\"true\"><\/span>\n\t<\/label>\n\t<input type=\"text\" id=\"field_7zqds\" name=\"item_meta[260]\" value=\"\"  data-invmsg=\"PLZ ist ung\u00fcltig\" aria-invalid=\"false\"  \/>\n\t\n\t\n<\/div>\n<div id=\"frm_field_261_container\" class=\"frm_form_field form-field  frm_top_container frm4\">\n\t<label for=\"field_k25gm\" id=\"field_k25gm_label\" class=\"frm_primary_label\">Ort\n\t\t<span class=\"frm_required\" aria-hidden=\"true\"><\/span>\n\t<\/label>\n\t<input type=\"text\" id=\"field_k25gm\" name=\"item_meta[261]\" value=\"\"  data-invmsg=\"Ort ist ung\u00fcltig\" aria-invalid=\"false\"  \/>\n\t\n\t\n<\/div>\n<div id=\"frm_field_238_container\" class=\"frm_form_field form-field  frm_top_container frm6 frm_first\">\r\n\t<label for=\"field_dhc2i\" id=\"field_dhc2i_label\" class=\"frm_primary_label\">Fahrzeug\r\n\t\t<span class=\"frm_required\" aria-hidden=\"true\"><\/span>\r\n\t<\/label>\r\n\t<input type=\"text\" id=\"field_dhc2i\" name=\"item_meta[238]\" value=\"\"  data-invmsg=\"Fahrzeug ist ung\u00fcltig\" aria-invalid=\"false\"  \/>\r\n\t\r\n\t\r\n<\/div>\n<div id=\"frm_field_239_container\" class=\"frm_form_field form-field  frm_top_container frm6\">\r\n\t<label for=\"field_bufap\" id=\"field_bufap_label\" class=\"frm_primary_label\">Baujahr\r\n\t\t<span class=\"frm_required\" aria-hidden=\"true\"><\/span>\r\n\t<\/label>\r\n\t<input type=\"text\" id=\"field_bufap\" name=\"item_meta[239]\" value=\"\"  data-invmsg=\"Baujahr ist ung\u00fcltig\" aria-invalid=\"false\"  \/>\r\n\t\r\n\t\r\n<\/div>\n<div id=\"frm_field_222_container\" class=\"frm_form_field form-field  frm_required_field frm_top_container frm6 frm_first\">\r\n\t<label for=\"field_yffyi\" id=\"field_yffyi_label\" class=\"frm_primary_label\">E-Mail\r\n\t\t<span class=\"frm_required\" aria-hidden=\"true\">*<\/span>\r\n\t<\/label>\r\n\t<input type=\"email\" id=\"field_yffyi\" name=\"item_meta[222]\" value=\"\"  data-reqmsg=\"Dieses Feld darf nicht leer sein.\" aria-required=\"true\" data-invmsg=\"E-Mail ist ung\u00fcltig\" aria-invalid=\"false\"  \/>\r\n\t\r\n\t\r\n<\/div>\n<div id=\"frm_field_224_container\" class=\"frm_form_field form-field  frm_required_field frm_top_container frm6\">\r\n\t<label for=\"field_29tsd\" id=\"field_29tsd_label\" class=\"frm_primary_label\">Telefon\r\n\t\t<span class=\"frm_required\" aria-hidden=\"true\">*<\/span>\r\n\t<\/label>\r\n\t<input type=\"tel\" id=\"field_29tsd\" name=\"item_meta[224]\" value=\"\"  data-reqmsg=\"Dieses Feld darf nicht leer sein.\" aria-required=\"true\" data-invmsg=\"Telefon ist ung\u00fcltig\" aria-invalid=\"false\" pattern=\"((\\+\\d{1,3}(-|.| )?\\(?\\d\\)?(-| |.)?\\d{1,5})|(\\(?\\d{2,6}\\)?))(-|.| )?(\\d{3,4})(-|.| )?(\\d{4})(( x| ext)\\d{1,5}){0,1}$\"  \/>\r\n\t\r\n\t\r\n<\/div>\n<div id=\"frm_field_241_container\" class=\"frm_form_field  frm_html_container form-field\">\n<p>Bitte auf die korrekte Eingabe der E-Mail Adresse achten, da \u00fcber diese weitere Informationen verschickt werden!<\/p>\n<\/div>\n<div id=\"frm_field_220_container\" class=\"frm_form_field form-field  frm_required_field frm_top_container\">\r\n\t<label for=\"field_x137w\" id=\"field_x137w_label\" class=\"frm_primary_label\">Veranstaltung ausw\u00e4hlen\r\n\t\t<span class=\"frm_required\" aria-hidden=\"true\">*<\/span>\r\n\t<\/label>\r\n\t\t\t<select name=\"item_meta[220]\" id=\"field_x137w\"  data-reqmsg=\"Dieses Feld darf nicht leer sein.\" aria-required=\"true\" data-invmsg=\"Veranstaltung ausw\u00e4hlen ist ung\u00fcltig\" aria-invalid=\"false\"  >\n\t\t<option  value=\"Zylinderhaus Bernkastel Kues am 25.04.2026\">Zylinderhaus Bernkastel Kues am 25.04.2026<\/option><option  value=\"Flugzeugmuseum Hermeskeil am 15.08.2026\">Flugzeugmuseum Hermeskeil am 15.08.2026<\/option><option  value=\"V\u00f6lklinger H\u00fctte am 26.09.2026\">V\u00f6lklinger H\u00fctte am 26.09.2026<\/option>\t<\/select>\n\t\r\n\t\r\n\t\r\n<\/div>\n<div id=\"frm_field_229_container\" class=\"frm_form_field form-field  frm_required_field frm_top_container frm6\">\r\n\t<label for=\"field_15jn0\" id=\"field_15jn0_label\" class=\"frm_primary_label\">Anzahl der Personen\r\n\t\t<span class=\"frm_required\" aria-hidden=\"true\">*<\/span>\r\n\t<\/label>\r\n\t<input type=\"number\" id=\"field_15jn0\" name=\"item_meta[229]\" value=\"1\"  style=\"width:100px\" data-frmval=\"1\" placeholder=\"Gesamt Personenanzahl angeben\" data-reqmsg=\"Dieses Feld darf nicht leer sein.\" aria-required=\"true\" data-invmsg=\"Anzahl der Personen ist ung\u00fcltig\" class=\"auto_width\" aria-invalid=\"false\"   min=\"0\" max=\"9999999\" step=\"any\"\/>\r\n\t\r\n\t\r\n<\/div>\n<div id=\"frm_field_225_container\" class=\"frm_form_field  frm_html_container form-field\">\n<hr>\n<h3>Bei mehrt\u00e4gigen Fahrten bitte angeben<\/h3>\n<p>Es werden ben\u00f6tigt:<\/p>\n<\/div>\n<div id=\"frm_field_228_container\" class=\"frm_form_field form-field  frm_required_field frm_top_container frm6 frm_first\">\r\n\t<label for=\"field_6z9z6\" id=\"field_6z9z6_label\" class=\"frm_primary_label\">Einzelzimmer\r\n\t\t<span class=\"frm_required\" aria-hidden=\"true\">*<\/span>\r\n\t<\/label>\r\n\t<input type=\"number\" id=\"field_6z9z6\" name=\"item_meta[228]\" value=\"0\"  style=\"width:100px\" data-frmval=\"0\" data-reqmsg=\"Dieses Feld darf nicht leer sein.\" aria-required=\"true\" data-invmsg=\"Einzelzimmer ist ung\u00fcltig\" class=\"auto_width\" aria-invalid=\"false\"   min=\"0\" max=\"9999999\" step=\"any\"\/>\r\n\t\r\n\t\r\n<\/div>\n<div id=\"frm_field_227_container\" class=\"frm_form_field form-field  frm_required_field frm_top_container frm6\">\r\n\t<label for=\"field_q6kgf\" id=\"field_q6kgf_label\" class=\"frm_primary_label\">Doppelzimmer\r\n\t\t<span class=\"frm_required\" aria-hidden=\"true\">*<\/span>\r\n\t<\/label>\r\n\t<input type=\"number\" id=\"field_q6kgf\" name=\"item_meta[227]\" value=\"0\"  style=\"width:100px\" data-frmval=\"0\" placeholder=\"Anzahl der Zimmer\" data-reqmsg=\"Dieses Feld darf nicht leer sein.\" aria-required=\"true\" data-invmsg=\"Doppelzimmer ist ung\u00fcltig\" class=\"auto_width\" aria-invalid=\"false\"   min=\"0\" max=\"9999999\" step=\"any\"\/>\r\n\t\r\n\t\r\n<\/div>\n<div id=\"frm_field_234_container\" class=\"frm_form_field  frm_html_container form-field\">\n<hr>\n<\/div>\n<div id=\"frm_field_233_container\" class=\"frm_form_field form-field  frm_required_field frm_top_container frm6 frm_first vertical_radio\">\r\n\t<div  id=\"field_foigl_label\" class=\"frm_primary_label\">Ich bin Mitglied des MSC Pr\u00fcm e.V. im ADAC\r\n\t\t<span class=\"frm_required\" aria-hidden=\"true\">*<\/span>\r\n\t<\/div>\r\n\t<div class=\"frm_opt_container\" aria-labelledby=\"field_foigl_label\" role=\"radiogroup\" aria-required=\"true\">\t\t<div class=\"frm_radio\" id=\"frm_radio_233-0\">\t\t\t<label  for=\"field_foigl-0\">\n\t\t\t\t\t<input type=\"radio\" name=\"item_meta[233]\" id=\"field_foigl-0\" value=\"Ja\"\n\t\t data-reqmsg=\"Dieses Feld darf nicht leer sein.\" data-invmsg=\"Ich bin Mitglied des MSC Pr\u00fcm e.V. im ADAC ist ung\u00fcltig\"   \/> Ja<\/label><\/div>\n\t\t<div class=\"frm_radio\" id=\"frm_radio_233-1\">\t\t\t<label  for=\"field_foigl-1\">\n\t\t\t\t\t<input type=\"radio\" name=\"item_meta[233]\" id=\"field_foigl-1\" value=\"Nein\"\n\t\t data-reqmsg=\"Dieses Feld darf nicht leer sein.\" data-invmsg=\"Ich bin Mitglied des MSC Pr\u00fcm e.V. im ADAC ist ung\u00fcltig\"   \/> Nein<\/label><\/div>\n<\/div>\r\n\t\r\n\t\r\n<\/div>\n<div id=\"frm_field_236_container\" class=\"frm_form_field  frm6 frm_html_container form-field\">\n<p>Hier kannst Du Mitglied des MSC Pr\u00fcm werden:<br \/><a href=\"https:\/\/msc-pruem.de\/index.php\/mitglied-werden\/\" target=\"_blank\" rel=\"noopener\">Zum Mitgliedsantrag<\/a><\/p>\n<\/div>\n<div id=\"frm_field_231_container\" class=\"frm_form_field form-field  frm_required_field frm_top_container vertical_radio\">\r\n\t<div  id=\"field_osaiv_label\" class=\"frm_primary_label\">Bitte best\u00e4tigen\r\n\t\t<span class=\"frm_required\" aria-hidden=\"true\">*<\/span>\r\n\t<\/div>\r\n\t<div class=\"frm_opt_container\" aria-labelledby=\"field_osaiv_label\" role=\"group\">\t\t<div class=\"frm_checkbox\" id=\"frm_checkbox_231-0\">\t\t\t<label  for=\"field_osaiv-0\">\n\t\t\t<input type=\"checkbox\" name=\"item_meta[231][]\" id=\"field_osaiv-0\" value=\"Hiermit melde ich mich verbindlich zu der oben ausgew\u00e4hlten Veranstaltung an\"  data-reqmsg=\"Dieses Feld darf nicht leer sein.\" data-invmsg=\"Bitte best\u00e4tigen ist ung\u00fcltig\"   aria-required=\"true\"  \/> Hiermit melde ich mich verbindlich zu der oben ausgew\u00e4hlten Veranstaltung an<\/label><\/div>\n\t\t<div class=\"frm_checkbox\" id=\"frm_checkbox_231-1\">\t\t\t<label  for=\"field_osaiv-1\">\n\t\t\t<input type=\"checkbox\" name=\"item_meta[231][]\" id=\"field_osaiv-1\" value=\"Ich habe die Durchf\u00fchrungsbestimmungen und Datenschutzerkl\u00e4rung zur Kenntnis genommen und bin  damit einverstanden. Ich bin damit einverstanden dass Fotos von meinem Fahrzeug ver\u00f6ffentlicht werden.\"  data-reqmsg=\"Dieses Feld darf nicht leer sein.\" data-invmsg=\"Bitte best\u00e4tigen ist ung\u00fcltig\"   \/> Ich habe die Durchf\u00fchrungsbestimmungen und Datenschutzerkl\u00e4rung zur Kenntnis genommen und bin  damit einverstanden. Ich bin damit einverstanden dass Fotos von meinem Fahrzeug ver\u00f6ffentlicht werden.<\/label><\/div>\n<\/div>\r\n\t\r\n\t\r\n<\/div>\n<div id=\"frm_field_223_container\" class=\"frm_form_field form-field  frm_none_container\">\r\n\t<label for=\"g-recaptcha-response\" id=\"field_e8t25_label\" class=\"frm_primary_label\">Captcha\r\n\t\t<span class=\"frm_required\" aria-hidden=\"true\"><\/span>\r\n\t<\/label>\r\n\t<div  id=\"field_e8t25\" class=\"frm-g-recaptcha\" data-sitekey=\"6Lfr2HcjAAAAAB0rDvbC9Eki4szNAV04NT7rkRCK\" data-size=\"invisible\" data-theme=\"light\"><\/div>\r\n\t\r\n\t\r\n<\/div>\n<div id=\"frm_field_219_container\" class=\"frm_form_field form-field \">\r\n\t<div class=\"frm_submit frm_flex\">\r\n<button class=\"frm_button_submit\" type=\"submit\"  >Senden<\/button>\r\n\r\n\r\n\r\n<\/div>\r\n<\/div>\n\t<input type=\"hidden\" name=\"item_key\" value=\"\" \/>\n\t\t\t<div id=\"frm_field_262_container\">\n\t\t\t<label for=\"field_6me5y\" >\n\t\t\t\tFalls Du menschlich bist, lasse dieses Feld leer.\t\t\t<\/label>\n\t\t\t<input  id=\"field_6me5y\" type=\"text\" class=\"frm_form_field form-field frm_verify\" name=\"item_meta[262]\" value=\"\"  \/>\n\t\t<\/div>\n\t\t<input name=\"frm_state\" type=\"hidden\" value=\"iyInnPEkcObU4uWL65R\/4lt4\/364Cq+4Cwc0f33Jxgw=\" \/><\/div>\n<\/fieldset>\n<\/div>\n\n<p style=\"display: none !important;\" class=\"akismet-fields-container\" data-prefix=\"ak_\"><label>&#916;<textarea name=\"ak_hp_textarea\" cols=\"45\" rows=\"8\" maxlength=\"100\"><\/textarea><\/label><input type=\"hidden\" id=\"ak_js_1\" name=\"ak_js\" value=\"8\"\/><script type=\"text\/javascript\">\n\/* <![CDATA[ *\/\ndocument.getElementById( \"ak_js_1\" ).setAttribute( \"value\", ( new Date() ).getTime() );\n\/* ]]> *\/\n<\/script>\n<\/p><\/form>\n<\/div>\n","protected":false},"excerpt":{"rendered":"","protected":false},"author":21,"featured_media":0,"parent":0,"menu_order":0,"comment_status":"closed","ping_status":"closed","template":"","meta":{"footnotes":""},"class_list":["post-860","page","type-page","status-publish","hentry"],"yoast_head":"<!-- This site is optimized with the Yoast SEO plugin v27.5 - https:\/\/yoast.com\/product\/yoast-seo-wordpress\/ -->\n<title>Anmeldung zu unseren Veranstaltungen - MSC Pr\u00fcm<\/title>\n<meta name=\"robots\" content=\"index, follow, max-snippet:-1, max-image-preview:large, max-video-preview:-1\" \/>\n<link rel=\"canonical\" href=\"https:\/\/msc-pruem.de\/index.php\/anmeldung-zu-unseren-veranstaltungen\/\" \/>\n<meta property=\"og:locale\" content=\"de_DE\" \/>\n<meta property=\"og:type\" content=\"article\" \/>\n<meta property=\"og:title\" content=\"Anmeldung zu unseren Veranstaltungen - MSC Pr\u00fcm\" \/>\n<meta property=\"og:url\" content=\"https:\/\/msc-pruem.de\/index.php\/anmeldung-zu-unseren-veranstaltungen\/\" \/>\n<meta property=\"og:site_name\" content=\"MSC Pr\u00fcm\" \/>\n<meta property=\"article:publisher\" content=\"https:\/\/www.facebook.com\/groups\/353381200062358\" \/>\n<meta property=\"article:modified_time\" content=\"2025-07-09T14:16:04+00:00\" \/>\n<meta name=\"twitter:card\" content=\"summary_large_image\" \/>\n<meta name=\"twitter:label1\" content=\"Gesch\u00e4tzte Lesezeit\" \/>\n\t<meta name=\"twitter:data1\" content=\"1\u00a0Minute\" \/>\n<script type=\"application\/ld+json\" class=\"yoast-schema-graph\">{\"@context\":\"https:\\\/\\\/schema.org\",\"@graph\":[{\"@type\":\"WebPage\",\"@id\":\"https:\\\/\\\/msc-pruem.de\\\/index.php\\\/anmeldung-zu-unseren-veranstaltungen\\\/\",\"url\":\"https:\\\/\\\/msc-pruem.de\\\/index.php\\\/anmeldung-zu-unseren-veranstaltungen\\\/\",\"name\":\"Anmeldung zu unseren Veranstaltungen - MSC Pr\u00fcm\",\"isPartOf\":{\"@id\":\"https:\\\/\\\/msc-pruem.de\\\/#website\"},\"datePublished\":\"2025-07-09T14:16:03+00:00\",\"dateModified\":\"2025-07-09T14:16:04+00:00\",\"breadcrumb\":{\"@id\":\"https:\\\/\\\/msc-pruem.de\\\/index.php\\\/anmeldung-zu-unseren-veranstaltungen\\\/#breadcrumb\"},\"inLanguage\":\"de\",\"potentialAction\":[{\"@type\":\"ReadAction\",\"target\":[\"https:\\\/\\\/msc-pruem.de\\\/index.php\\\/anmeldung-zu-unseren-veranstaltungen\\\/\"]}]},{\"@type\":\"BreadcrumbList\",\"@id\":\"https:\\\/\\\/msc-pruem.de\\\/index.php\\\/anmeldung-zu-unseren-veranstaltungen\\\/#breadcrumb\",\"itemListElement\":[{\"@type\":\"ListItem\",\"position\":1,\"name\":\"Startseite\",\"item\":\"https:\\\/\\\/msc-pruem.de\\\/\"},{\"@type\":\"ListItem\",\"position\":2,\"name\":\"Anmeldung zu unseren Veranstaltungen\"}]},{\"@type\":\"WebSite\",\"@id\":\"https:\\\/\\\/msc-pruem.de\\\/#website\",\"url\":\"https:\\\/\\\/msc-pruem.de\\\/\",\"name\":\"MSC Pr\u00fcm\",\"description\":\"Die Info Seite des Motor Sport Club Pr\u00fcm e.V. im ADAC\",\"publisher\":{\"@id\":\"https:\\\/\\\/msc-pruem.de\\\/#organization\"},\"potentialAction\":[{\"@type\":\"SearchAction\",\"target\":{\"@type\":\"EntryPoint\",\"urlTemplate\":\"https:\\\/\\\/msc-pruem.de\\\/?s={search_term_string}\"},\"query-input\":{\"@type\":\"PropertyValueSpecification\",\"valueRequired\":true,\"valueName\":\"search_term_string\"}}],\"inLanguage\":\"de\"},{\"@type\":\"Organization\",\"@id\":\"https:\\\/\\\/msc-pruem.de\\\/#organization\",\"name\":\"MSC Pr\u00fcm\",\"url\":\"https:\\\/\\\/msc-pruem.de\\\/\",\"logo\":{\"@type\":\"ImageObject\",\"inLanguage\":\"de\",\"@id\":\"https:\\\/\\\/msc-pruem.de\\\/#\\\/schema\\\/logo\\\/image\\\/\",\"url\":\"https:\\\/\\\/sad-engelbart.92-205-58-59.plesk.page\\\/wp-content\\\/uploads\\\/2022\\\/04\\\/cache_2420128692.jpg\",\"contentUrl\":\"https:\\\/\\\/sad-engelbart.92-205-58-59.plesk.page\\\/wp-content\\\/uploads\\\/2022\\\/04\\\/cache_2420128692.jpg\",\"width\":152,\"height\":158,\"caption\":\"MSC Pr\u00fcm\"},\"image\":{\"@id\":\"https:\\\/\\\/msc-pruem.de\\\/#\\\/schema\\\/logo\\\/image\\\/\"},\"sameAs\":[\"https:\\\/\\\/www.facebook.com\\\/groups\\\/353381200062358\"]}]}<\/script>\n<!-- \/ Yoast SEO plugin. -->","yoast_head_json":{"title":"Anmeldung zu unseren Veranstaltungen - MSC Pr\u00fcm","robots":{"index":"index","follow":"follow","max-snippet":"max-snippet:-1","max-image-preview":"max-image-preview:large","max-video-preview":"max-video-preview:-1"},"canonical":"https:\/\/msc-pruem.de\/index.php\/anmeldung-zu-unseren-veranstaltungen\/","og_locale":"de_DE","og_type":"article","og_title":"Anmeldung zu unseren Veranstaltungen - MSC Pr\u00fcm","og_url":"https:\/\/msc-pruem.de\/index.php\/anmeldung-zu-unseren-veranstaltungen\/","og_site_name":"MSC Pr\u00fcm","article_publisher":"https:\/\/www.facebook.com\/groups\/353381200062358","article_modified_time":"2025-07-09T14:16:04+00:00","twitter_card":"summary_large_image","twitter_misc":{"Gesch\u00e4tzte Lesezeit":"1\u00a0Minute"},"schema":{"@context":"https:\/\/schema.org","@graph":[{"@type":"WebPage","@id":"https:\/\/msc-pruem.de\/index.php\/anmeldung-zu-unseren-veranstaltungen\/","url":"https:\/\/msc-pruem.de\/index.php\/anmeldung-zu-unseren-veranstaltungen\/","name":"Anmeldung zu unseren Veranstaltungen - MSC Pr\u00fcm","isPartOf":{"@id":"https:\/\/msc-pruem.de\/#website"},"datePublished":"2025-07-09T14:16:03+00:00","dateModified":"2025-07-09T14:16:04+00:00","breadcrumb":{"@id":"https:\/\/msc-pruem.de\/index.php\/anmeldung-zu-unseren-veranstaltungen\/#breadcrumb"},"inLanguage":"de","potentialAction":[{"@type":"ReadAction","target":["https:\/\/msc-pruem.de\/index.php\/anmeldung-zu-unseren-veranstaltungen\/"]}]},{"@type":"BreadcrumbList","@id":"https:\/\/msc-pruem.de\/index.php\/anmeldung-zu-unseren-veranstaltungen\/#breadcrumb","itemListElement":[{"@type":"ListItem","position":1,"name":"Startseite","item":"https:\/\/msc-pruem.de\/"},{"@type":"ListItem","position":2,"name":"Anmeldung zu unseren Veranstaltungen"}]},{"@type":"WebSite","@id":"https:\/\/msc-pruem.de\/#website","url":"https:\/\/msc-pruem.de\/","name":"MSC Pr\u00fcm","description":"Die Info Seite des Motor Sport Club Pr\u00fcm e.V. im ADAC","publisher":{"@id":"https:\/\/msc-pruem.de\/#organization"},"potentialAction":[{"@type":"SearchAction","target":{"@type":"EntryPoint","urlTemplate":"https:\/\/msc-pruem.de\/?s={search_term_string}"},"query-input":{"@type":"PropertyValueSpecification","valueRequired":true,"valueName":"search_term_string"}}],"inLanguage":"de"},{"@type":"Organization","@id":"https:\/\/msc-pruem.de\/#organization","name":"MSC Pr\u00fcm","url":"https:\/\/msc-pruem.de\/","logo":{"@type":"ImageObject","inLanguage":"de","@id":"https:\/\/msc-pruem.de\/#\/schema\/logo\/image\/","url":"https:\/\/sad-engelbart.92-205-58-59.plesk.page\/wp-content\/uploads\/2022\/04\/cache_2420128692.jpg","contentUrl":"https:\/\/sad-engelbart.92-205-58-59.plesk.page\/wp-content\/uploads\/2022\/04\/cache_2420128692.jpg","width":152,"height":158,"caption":"MSC Pr\u00fcm"},"image":{"@id":"https:\/\/msc-pruem.de\/#\/schema\/logo\/image\/"},"sameAs":["https:\/\/www.facebook.com\/groups\/353381200062358"]}]}},"_links":{"self":[{"href":"https:\/\/msc-pruem.de\/index.php\/wp-json\/wp\/v2\/pages\/860","targetHints":{"allow":["GET"]}}],"collection":[{"href":"https:\/\/msc-pruem.de\/index.php\/wp-json\/wp\/v2\/pages"}],"about":[{"href":"https:\/\/msc-pruem.de\/index.php\/wp-json\/wp\/v2\/types\/page"}],"author":[{"embeddable":true,"href":"https:\/\/msc-pruem.de\/index.php\/wp-json\/wp\/v2\/users\/21"}],"replies":[{"embeddable":true,"href":"https:\/\/msc-pruem.de\/index.php\/wp-json\/wp\/v2\/comments?post=860"}],"version-history":[{"count":1,"href":"https:\/\/msc-pruem.de\/index.php\/wp-json\/wp\/v2\/pages\/860\/revisions"}],"predecessor-version":[{"id":861,"href":"https:\/\/msc-pruem.de\/index.php\/wp-json\/wp\/v2\/pages\/860\/revisions\/861"}],"wp:attachment":[{"href":"https:\/\/msc-pruem.de\/index.php\/wp-json\/wp\/v2\/media?parent=860"}],"curies":[{"name":"wp","href":"https:\/\/api.w.org\/{rel}","templated":true}]}}