{"id":802,"date":"2025-07-01T08:48:29","date_gmt":"2025-07-01T06:48:29","guid":{"rendered":"https:\/\/msc-pruem.de\/?page_id=802"},"modified":"2025-07-03T09:16:04","modified_gmt":"2025-07-03T07:16:04","slug":"haftungsausschluss","status":"publish","type":"page","link":"https:\/\/msc-pruem.de\/index.php\/haftungsausschluss\/","title":{"rendered":"Haftungsausschluss"},"content":{"rendered":"\n<p><strong>Veranstalter:<\/strong> Motor Sport Club Pr\u00fcm e.V. im ADAC<\/p>\n\n\n\n<p><strong>Veranstaltungsort:<\/strong> Pr\u00fcm<\/p>\n\n\n\n<p><strong>Hintergrund und Zweck:<\/strong> Old- und Youngtimer Treffen \/ Ausfahrt<\/p>\n\n\n\n<p>Diese Vereinbarung f\u00fcr den Haftungsausschluss einer privaten Veranstaltung (im Folgenden die \u201eVeranstaltung\u201c) wird zwischen dem Veranstalter und den Teilnehmern der Veranstaltung (zusammen die \u201eParteien\u201c) geschlossen.<\/p>\n\n\n\n<p>1. Haftungsbeschr\u00e4nkung<\/p>\n\n\n\n<p>Die Teilnehmer nehmen zur Kenntnis und stimmen zu, dass sie vollst\u00e4ndig und ausschlie\u00dflich f\u00fcr ihr eigenes Handeln w\u00e4hrend der Veranstaltung verantwortlich sind. Der Veranstalter \u00fcbernimmt keine Haftung f\u00fcr Verletzungen, Sch\u00e4den, Verluste oder Diebst\u00e4hle, die w\u00e4hrend der Veranstaltung auftreten k\u00f6nnen.<\/p>\n\n\n\n<p>2. Versicherungsschutz<\/p>\n\n\n\n<p>Die Teilnehmer erkennen an, dass der Veranstalter keine Versicherungen f\u00fcr die Teilnehmer abschlie\u00dft. Es liegt in der Verantwortung der Teilnehmer, eine ausreichende Versicherung f\u00fcr die Veranstaltung abzuschlie\u00dfen, wenn dies gew\u00fcnscht wird.<\/p>\n\n\n\n<p>3. Einverst\u00e4ndniserkl\u00e4rung<\/p>\n\n\n\n<p>Die Teilnehmer erkl\u00e4ren sich damit einverstanden, dass w\u00e4hrend der Veranstaltung Fotos oder Videos von ihnen aufgenommen werden k\u00f6nnen. Diese Aufnahmen k\u00f6nnen f\u00fcr zuk\u00fcnftige Veranstaltungen, Werbezwecke oder andere Veranstaltungsbezogene Zwecke verwendet werden, ohne dass den Teilnehmern eine Entsch\u00e4digung oder Gegenleistung zusteht.<\/p>\n\n\n\n<p>4. Zustimmung zur Ver\u00f6ffentlichung<\/p>\n\n\n\n<p>Die Teilnehmer erkl\u00e4ren sich damit einverstanden, dass ihr Name, Bild oder Kommentare in \u00f6ffentlichen Medien oder sozialen Netzwerken im Zusammenhang mit der Veranstaltung ver\u00f6ffentlicht werden k\u00f6nnen. Die Teilnehmer verzichten hiermit auf jedes Recht auf Privatsph\u00e4re oder auf Schadensersatzanspr\u00fcche in Bezug auf solche Ver\u00f6ffentlichungen.<\/p>\n\n\n\n<p>5. Haftungsfreistellung<\/p>\n\n\n\n<p>Die Teilnehmer erkl\u00e4ren sich damit einverstanden, den Veranstalter und seine Vertreter von jeglichen Anspr\u00fcchen, Forderungen, Sch\u00e4den oder Verlusten, einschlie\u00dflich Rechtskosten, freizustellen und schadlos zu halten, die sich aus der Teilnahme an der Veranstaltung ergeben.<\/p>\n\n\n\n<p>6. Salvatorische Klausel<\/p>\n\n\n\n<p>Sollte eine Bestimmung dieser Vereinbarung f\u00fcr ung\u00fcltig oder undurchsetzbar erkl\u00e4rt werden, so bleiben die \u00fcbrigen Bestimmungen hiervon unber\u00fchrt und bleiben weiterhin vollst\u00e4ndig in Kraft.<\/p>\n\n\n\n<p><strong>Unterschriften:<\/strong><\/p>\n\n\n\n<p>Der Vorstand des MSC Pr\u00fcm<\/p>\n","protected":false},"excerpt":{"rendered":"<p>Veranstalter: Motor Sport Club Pr\u00fcm e.V. im ADAC Veranstaltungsort: Pr\u00fcm Hintergrund und Zweck: Old- und Youngtimer Treffen \/ Ausfahrt Diese Vereinbarung f\u00fcr den Haftungsausschluss einer privaten Veranstaltung (im Folgenden die \u201eVeranstaltung\u201c) wird zwischen dem Veranstalter und den Teilnehmern der Veranstaltung &hellip; <a href=\"https:\/\/msc-pruem.de\/index.php\/haftungsausschluss\/\">Weiterlesen <span class=\"meta-nav\">&rarr;<\/span><\/a><\/p>\n","protected":false},"author":21,"featured_media":0,"parent":0,"menu_order":0,"comment_status":"closed","ping_status":"closed","template":"","meta":{"footnotes":""},"class_list":["post-802","page","type-page","status-publish","hentry"],"yoast_head":"<!-- This site is optimized with the Yoast SEO plugin v27.5 - https:\/\/yoast.com\/product\/yoast-seo-wordpress\/ -->\n<title>Haftungsausschluss - MSC Pr\u00fcm<\/title>\n<meta name=\"robots\" content=\"index, follow, max-snippet:-1, max-image-preview:large, max-video-preview:-1\" \/>\n<link rel=\"canonical\" href=\"https:\/\/msc-pruem.de\/index.php\/haftungsausschluss\/\" \/>\n<meta property=\"og:locale\" content=\"de_DE\" \/>\n<meta property=\"og:type\" content=\"article\" \/>\n<meta property=\"og:title\" content=\"Haftungsausschluss - MSC Pr\u00fcm\" \/>\n<meta property=\"og:description\" content=\"Veranstalter: Motor Sport Club Pr\u00fcm e.V. im ADAC Veranstaltungsort: Pr\u00fcm Hintergrund und Zweck: Old- und Youngtimer Treffen \/ Ausfahrt Diese Vereinb\" \/>\n<meta property=\"og:url\" content=\"https:\/\/msc-pruem.de\/index.php\/haftungsausschluss\/\" \/>\n<meta property=\"og:site_name\" content=\"MSC Pr\u00fcm\" \/>\n<meta property=\"article:publisher\" content=\"https:\/\/www.facebook.com\/groups\/353381200062358\" \/>\n<meta property=\"article:modified_time\" content=\"2025-07-03T07:16:04+00:00\" \/>\n<meta name=\"twitter:card\" content=\"summary_large_image\" \/>\n<meta name=\"twitter:label1\" content=\"Gesch\u00e4tzte Lesezeit\" \/>\n\t<meta name=\"twitter:data1\" content=\"2\u00a0Minuten\" \/>\n<script type=\"application\/ld+json\" class=\"yoast-schema-graph\">{\"@context\":\"https:\\\/\\\/schema.org\",\"@graph\":[{\"@type\":\"WebPage\",\"@id\":\"https:\\\/\\\/msc-pruem.de\\\/index.php\\\/haftungsausschluss\\\/\",\"url\":\"https:\\\/\\\/msc-pruem.de\\\/index.php\\\/haftungsausschluss\\\/\",\"name\":\"Haftungsausschluss - MSC Pr\u00fcm\",\"isPartOf\":{\"@id\":\"https:\\\/\\\/msc-pruem.de\\\/#website\"},\"datePublished\":\"2025-07-01T06:48:29+00:00\",\"dateModified\":\"2025-07-03T07:16:04+00:00\",\"breadcrumb\":{\"@id\":\"https:\\\/\\\/msc-pruem.de\\\/index.php\\\/haftungsausschluss\\\/#breadcrumb\"},\"inLanguage\":\"de\",\"potentialAction\":[{\"@type\":\"ReadAction\",\"target\":[\"https:\\\/\\\/msc-pruem.de\\\/index.php\\\/haftungsausschluss\\\/\"]}]},{\"@type\":\"BreadcrumbList\",\"@id\":\"https:\\\/\\\/msc-pruem.de\\\/index.php\\\/haftungsausschluss\\\/#breadcrumb\",\"itemListElement\":[{\"@type\":\"ListItem\",\"position\":1,\"name\":\"Startseite\",\"item\":\"https:\\\/\\\/msc-pruem.de\\\/\"},{\"@type\":\"ListItem\",\"position\":2,\"name\":\"Haftungsausschluss\"}]},{\"@type\":\"WebSite\",\"@id\":\"https:\\\/\\\/msc-pruem.de\\\/#website\",\"url\":\"https:\\\/\\\/msc-pruem.de\\\/\",\"name\":\"MSC Pr\u00fcm\",\"description\":\"Die Info Seite des Motor Sport Club Pr\u00fcm e.V. im ADAC\",\"publisher\":{\"@id\":\"https:\\\/\\\/msc-pruem.de\\\/#organization\"},\"potentialAction\":[{\"@type\":\"SearchAction\",\"target\":{\"@type\":\"EntryPoint\",\"urlTemplate\":\"https:\\\/\\\/msc-pruem.de\\\/?s={search_term_string}\"},\"query-input\":{\"@type\":\"PropertyValueSpecification\",\"valueRequired\":true,\"valueName\":\"search_term_string\"}}],\"inLanguage\":\"de\"},{\"@type\":\"Organization\",\"@id\":\"https:\\\/\\\/msc-pruem.de\\\/#organization\",\"name\":\"MSC Pr\u00fcm\",\"url\":\"https:\\\/\\\/msc-pruem.de\\\/\",\"logo\":{\"@type\":\"ImageObject\",\"inLanguage\":\"de\",\"@id\":\"https:\\\/\\\/msc-pruem.de\\\/#\\\/schema\\\/logo\\\/image\\\/\",\"url\":\"https:\\\/\\\/sad-engelbart.92-205-58-59.plesk.page\\\/wp-content\\\/uploads\\\/2022\\\/04\\\/cache_2420128692.jpg\",\"contentUrl\":\"https:\\\/\\\/sad-engelbart.92-205-58-59.plesk.page\\\/wp-content\\\/uploads\\\/2022\\\/04\\\/cache_2420128692.jpg\",\"width\":152,\"height\":158,\"caption\":\"MSC Pr\u00fcm\"},\"image\":{\"@id\":\"https:\\\/\\\/msc-pruem.de\\\/#\\\/schema\\\/logo\\\/image\\\/\"},\"sameAs\":[\"https:\\\/\\\/www.facebook.com\\\/groups\\\/353381200062358\"]}]}<\/script>\n<!-- \/ Yoast SEO plugin. -->","yoast_head_json":{"title":"Haftungsausschluss - MSC Pr\u00fcm","robots":{"index":"index","follow":"follow","max-snippet":"max-snippet:-1","max-image-preview":"max-image-preview:large","max-video-preview":"max-video-preview:-1"},"canonical":"https:\/\/msc-pruem.de\/index.php\/haftungsausschluss\/","og_locale":"de_DE","og_type":"article","og_title":"Haftungsausschluss - MSC Pr\u00fcm","og_description":"Veranstalter: Motor Sport Club Pr\u00fcm e.V. im ADAC Veranstaltungsort: Pr\u00fcm Hintergrund und Zweck: Old- und Youngtimer Treffen \/ Ausfahrt Diese Vereinb","og_url":"https:\/\/msc-pruem.de\/index.php\/haftungsausschluss\/","og_site_name":"MSC Pr\u00fcm","article_publisher":"https:\/\/www.facebook.com\/groups\/353381200062358","article_modified_time":"2025-07-03T07:16:04+00:00","twitter_card":"summary_large_image","twitter_misc":{"Gesch\u00e4tzte Lesezeit":"2\u00a0Minuten"},"schema":{"@context":"https:\/\/schema.org","@graph":[{"@type":"WebPage","@id":"https:\/\/msc-pruem.de\/index.php\/haftungsausschluss\/","url":"https:\/\/msc-pruem.de\/index.php\/haftungsausschluss\/","name":"Haftungsausschluss - MSC Pr\u00fcm","isPartOf":{"@id":"https:\/\/msc-pruem.de\/#website"},"datePublished":"2025-07-01T06:48:29+00:00","dateModified":"2025-07-03T07:16:04+00:00","breadcrumb":{"@id":"https:\/\/msc-pruem.de\/index.php\/haftungsausschluss\/#breadcrumb"},"inLanguage":"de","potentialAction":[{"@type":"ReadAction","target":["https:\/\/msc-pruem.de\/index.php\/haftungsausschluss\/"]}]},{"@type":"BreadcrumbList","@id":"https:\/\/msc-pruem.de\/index.php\/haftungsausschluss\/#breadcrumb","itemListElement":[{"@type":"ListItem","position":1,"name":"Startseite","item":"https:\/\/msc-pruem.de\/"},{"@type":"ListItem","position":2,"name":"Haftungsausschluss"}]},{"@type":"WebSite","@id":"https:\/\/msc-pruem.de\/#website","url":"https:\/\/msc-pruem.de\/","name":"MSC Pr\u00fcm","description":"Die Info Seite des Motor Sport Club Pr\u00fcm e.V. im ADAC","publisher":{"@id":"https:\/\/msc-pruem.de\/#organization"},"potentialAction":[{"@type":"SearchAction","target":{"@type":"EntryPoint","urlTemplate":"https:\/\/msc-pruem.de\/?s={search_term_string}"},"query-input":{"@type":"PropertyValueSpecification","valueRequired":true,"valueName":"search_term_string"}}],"inLanguage":"de"},{"@type":"Organization","@id":"https:\/\/msc-pruem.de\/#organization","name":"MSC Pr\u00fcm","url":"https:\/\/msc-pruem.de\/","logo":{"@type":"ImageObject","inLanguage":"de","@id":"https:\/\/msc-pruem.de\/#\/schema\/logo\/image\/","url":"https:\/\/sad-engelbart.92-205-58-59.plesk.page\/wp-content\/uploads\/2022\/04\/cache_2420128692.jpg","contentUrl":"https:\/\/sad-engelbart.92-205-58-59.plesk.page\/wp-content\/uploads\/2022\/04\/cache_2420128692.jpg","width":152,"height":158,"caption":"MSC Pr\u00fcm"},"image":{"@id":"https:\/\/msc-pruem.de\/#\/schema\/logo\/image\/"},"sameAs":["https:\/\/www.facebook.com\/groups\/353381200062358"]}]}},"_links":{"self":[{"href":"https:\/\/msc-pruem.de\/index.php\/wp-json\/wp\/v2\/pages\/802","targetHints":{"allow":["GET"]}}],"collection":[{"href":"https:\/\/msc-pruem.de\/index.php\/wp-json\/wp\/v2\/pages"}],"about":[{"href":"https:\/\/msc-pruem.de\/index.php\/wp-json\/wp\/v2\/types\/page"}],"author":[{"embeddable":true,"href":"https:\/\/msc-pruem.de\/index.php\/wp-json\/wp\/v2\/users\/21"}],"replies":[{"embeddable":true,"href":"https:\/\/msc-pruem.de\/index.php\/wp-json\/wp\/v2\/comments?post=802"}],"version-history":[{"count":2,"href":"https:\/\/msc-pruem.de\/index.php\/wp-json\/wp\/v2\/pages\/802\/revisions"}],"predecessor-version":[{"id":822,"href":"https:\/\/msc-pruem.de\/index.php\/wp-json\/wp\/v2\/pages\/802\/revisions\/822"}],"wp:attachment":[{"href":"https:\/\/msc-pruem.de\/index.php\/wp-json\/wp\/v2\/media?parent=802"}],"curies":[{"name":"wp","href":"https:\/\/api.w.org\/{rel}","templated":true}]}}