{"id":105,"date":"2022-04-10T19:04:02","date_gmt":"2022-04-10T17:04:02","guid":{"rendered":"https:\/\/msc-pruem.de\/?page_id=105"},"modified":"2026-03-28T13:39:25","modified_gmt":"2026-03-28T12:39:25","slug":"impressum","status":"publish","type":"page","link":"https:\/\/msc-pruem.de\/index.php\/impressum\/","title":{"rendered":"Impressum"},"content":{"rendered":"\n<p>Der Motor-Sport-Club (MSC) Pr\u00fcm e.V. im ADAC ist ein beim Vereinsregister Wittlich eingetragener Verein (Registerblatt VR 30177).<\/p>\n\n\n\n<figure class=\"wp-block-table is-style-stripes\"><table><tbody><tr><td>1. Vorsitzender<\/td><td>G\u00fcnter Kraemer<\/td><\/tr><tr><td>2. Vorsitzender<\/td><td>Edmund Theis<\/td><\/tr><tr><td>Kassenwart<\/td><td>David Hinterscheid<\/td><\/tr><tr><td>Schriftf\u00fchrer<\/td><td>Hermann Nahrings<\/td><\/tr><tr><td>Sportwart<\/td><td>Enrico Jordan<\/td><\/tr><\/tbody><\/table><figcaption class=\"wp-element-caption\">Anschrift<\/figcaption><\/figure>\n\n\n\n<p>MSC Pr\u00fcm e.V. im ADAC<br>Bertradastra\u00dfe 17<br>54595 Pr\u00fcm<\/p>\n\n\n\n<p><strong>Vertreten durch<\/strong><br>G\u00fcnter Kraemer<br>1. Vorsitzender<\/p>\n\n\n\n<p>Telefon: 06551-5319533<br>E-Mail :&nbsp;<a href=\"mailto:info@msc-pruem.de\">info@msc-pruem.de<\/a><\/p>\n\n\n\n<p><strong>Haftungshinweis:<\/strong><br>F\u00fcr den Inhalt externer Links kann keine Gew\u00e4hr \u00fcbernommen werden. Wir distanzieren uns ausdr\u00fccklich von deren Inhalten und Aufbereitung und betonen, keinerlei Einfluss auf Gestaltung und Inhalt dieser Links sowie s\u00e4mtlichen weiterf\u00fchrenden Angeboten zu haben.<\/p>\n\n\n\n<p><strong>Copyright:<\/strong><br>Wir gestatten die \u00dcbernahme von Texten oder Bildmaterialien in Datenbest\u00e4nde, die ausschlie\u00dflich f\u00fcr den privaten Gebrauch des Nutzers bestimmt sind. Die \u00dcbernahme und Nutzung der Daten zu anderen Zwecken bedarf unserer schriftlichen Zustimmung.<\/p>\n","protected":false},"excerpt":{"rendered":"<p>Der Motor-Sport-Club (MSC) Pr\u00fcm e.V. im ADAC ist ein beim Vereinsregister Wittlich eingetragener Verein (Registerblatt VR 30177). 1. Vorsitzender G\u00fcnter Kraemer 2. Vorsitzender Edmund Theis Kassenwart David Hinterscheid Schriftf\u00fchrer Hermann Nahrings Sportwart Enrico Jordan Anschrift MSC Pr\u00fcm e.V. im ADACBertradastra\u00dfe &hellip; <a href=\"https:\/\/msc-pruem.de\/index.php\/impressum\/\">Weiterlesen <span class=\"meta-nav\">&rarr;<\/span><\/a><\/p>\n","protected":false},"author":21,"featured_media":0,"parent":0,"menu_order":0,"comment_status":"closed","ping_status":"closed","template":"","meta":{"footnotes":""},"class_list":["post-105","page","type-page","status-publish","hentry"],"yoast_head":"<!-- This site is optimized with the Yoast SEO plugin v27.6 - https:\/\/yoast.com\/product\/yoast-seo-wordpress\/ -->\n<title>Impressum - MSC Pr\u00fcm<\/title>\n<meta name=\"robots\" content=\"index, follow, max-snippet:-1, max-image-preview:large, max-video-preview:-1\" \/>\n<link rel=\"canonical\" href=\"https:\/\/msc-pruem.de\/index.php\/impressum\/\" \/>\n<meta property=\"og:locale\" content=\"de_DE\" \/>\n<meta property=\"og:type\" content=\"article\" \/>\n<meta property=\"og:title\" content=\"Impressum - MSC Pr\u00fcm\" \/>\n<meta property=\"og:description\" content=\"Der Motor-Sport-Club (MSC) Pr\u00fcm e.V. im ADAC ist ein beim Vereinsregister Wittlich eingetragener Verein (Registerblatt VR 30177). 1. Vorsitzender G\u00fc\" \/>\n<meta property=\"og:url\" content=\"https:\/\/msc-pruem.de\/index.php\/impressum\/\" \/>\n<meta property=\"og:site_name\" content=\"MSC Pr\u00fcm\" \/>\n<meta property=\"article:publisher\" content=\"https:\/\/www.facebook.com\/groups\/353381200062358\" \/>\n<meta property=\"article:modified_time\" content=\"2026-03-28T12:39:25+00:00\" \/>\n<meta name=\"twitter:card\" content=\"summary_large_image\" \/>\n<meta name=\"twitter:label1\" content=\"Gesch\u00e4tzte Lesezeit\" \/>\n\t<meta name=\"twitter:data1\" content=\"1\u00a0Minute\" \/>\n<script type=\"application\/ld+json\" class=\"yoast-schema-graph\">{\"@context\":\"https:\\\/\\\/schema.org\",\"@graph\":[{\"@type\":\"WebPage\",\"@id\":\"https:\\\/\\\/msc-pruem.de\\\/index.php\\\/impressum\\\/\",\"url\":\"https:\\\/\\\/msc-pruem.de\\\/index.php\\\/impressum\\\/\",\"name\":\"Impressum - MSC Pr\u00fcm\",\"isPartOf\":{\"@id\":\"https:\\\/\\\/msc-pruem.de\\\/#website\"},\"datePublished\":\"2022-04-10T17:04:02+00:00\",\"dateModified\":\"2026-03-28T12:39:25+00:00\",\"breadcrumb\":{\"@id\":\"https:\\\/\\\/msc-pruem.de\\\/index.php\\\/impressum\\\/#breadcrumb\"},\"inLanguage\":\"de\",\"potentialAction\":[{\"@type\":\"ReadAction\",\"target\":[\"https:\\\/\\\/msc-pruem.de\\\/index.php\\\/impressum\\\/\"]}]},{\"@type\":\"BreadcrumbList\",\"@id\":\"https:\\\/\\\/msc-pruem.de\\\/index.php\\\/impressum\\\/#breadcrumb\",\"itemListElement\":[{\"@type\":\"ListItem\",\"position\":1,\"name\":\"Startseite\",\"item\":\"https:\\\/\\\/msc-pruem.de\\\/\"},{\"@type\":\"ListItem\",\"position\":2,\"name\":\"Impressum\"}]},{\"@type\":\"WebSite\",\"@id\":\"https:\\\/\\\/msc-pruem.de\\\/#website\",\"url\":\"https:\\\/\\\/msc-pruem.de\\\/\",\"name\":\"MSC Pr\u00fcm\",\"description\":\"Die Info Seite des Motor Sport Club Pr\u00fcm e.V. im ADAC\",\"publisher\":{\"@id\":\"https:\\\/\\\/msc-pruem.de\\\/#organization\"},\"potentialAction\":[{\"@type\":\"SearchAction\",\"target\":{\"@type\":\"EntryPoint\",\"urlTemplate\":\"https:\\\/\\\/msc-pruem.de\\\/?s={search_term_string}\"},\"query-input\":{\"@type\":\"PropertyValueSpecification\",\"valueRequired\":true,\"valueName\":\"search_term_string\"}}],\"inLanguage\":\"de\"},{\"@type\":\"Organization\",\"@id\":\"https:\\\/\\\/msc-pruem.de\\\/#organization\",\"name\":\"MSC Pr\u00fcm\",\"url\":\"https:\\\/\\\/msc-pruem.de\\\/\",\"logo\":{\"@type\":\"ImageObject\",\"inLanguage\":\"de\",\"@id\":\"https:\\\/\\\/msc-pruem.de\\\/#\\\/schema\\\/logo\\\/image\\\/\",\"url\":\"https:\\\/\\\/sad-engelbart.92-205-58-59.plesk.page\\\/wp-content\\\/uploads\\\/2022\\\/04\\\/cache_2420128692.jpg\",\"contentUrl\":\"https:\\\/\\\/sad-engelbart.92-205-58-59.plesk.page\\\/wp-content\\\/uploads\\\/2022\\\/04\\\/cache_2420128692.jpg\",\"width\":152,\"height\":158,\"caption\":\"MSC Pr\u00fcm\"},\"image\":{\"@id\":\"https:\\\/\\\/msc-pruem.de\\\/#\\\/schema\\\/logo\\\/image\\\/\"},\"sameAs\":[\"https:\\\/\\\/www.facebook.com\\\/groups\\\/353381200062358\"]}]}<\/script>\n<!-- \/ Yoast SEO plugin. -->","yoast_head_json":{"title":"Impressum - MSC Pr\u00fcm","robots":{"index":"index","follow":"follow","max-snippet":"max-snippet:-1","max-image-preview":"max-image-preview:large","max-video-preview":"max-video-preview:-1"},"canonical":"https:\/\/msc-pruem.de\/index.php\/impressum\/","og_locale":"de_DE","og_type":"article","og_title":"Impressum - MSC Pr\u00fcm","og_description":"Der Motor-Sport-Club (MSC) Pr\u00fcm e.V. im ADAC ist ein beim Vereinsregister Wittlich eingetragener Verein (Registerblatt VR 30177). 1. Vorsitzender G\u00fc","og_url":"https:\/\/msc-pruem.de\/index.php\/impressum\/","og_site_name":"MSC Pr\u00fcm","article_publisher":"https:\/\/www.facebook.com\/groups\/353381200062358","article_modified_time":"2026-03-28T12:39:25+00:00","twitter_card":"summary_large_image","twitter_misc":{"Gesch\u00e4tzte Lesezeit":"1\u00a0Minute"},"schema":{"@context":"https:\/\/schema.org","@graph":[{"@type":"WebPage","@id":"https:\/\/msc-pruem.de\/index.php\/impressum\/","url":"https:\/\/msc-pruem.de\/index.php\/impressum\/","name":"Impressum - MSC Pr\u00fcm","isPartOf":{"@id":"https:\/\/msc-pruem.de\/#website"},"datePublished":"2022-04-10T17:04:02+00:00","dateModified":"2026-03-28T12:39:25+00:00","breadcrumb":{"@id":"https:\/\/msc-pruem.de\/index.php\/impressum\/#breadcrumb"},"inLanguage":"de","potentialAction":[{"@type":"ReadAction","target":["https:\/\/msc-pruem.de\/index.php\/impressum\/"]}]},{"@type":"BreadcrumbList","@id":"https:\/\/msc-pruem.de\/index.php\/impressum\/#breadcrumb","itemListElement":[{"@type":"ListItem","position":1,"name":"Startseite","item":"https:\/\/msc-pruem.de\/"},{"@type":"ListItem","position":2,"name":"Impressum"}]},{"@type":"WebSite","@id":"https:\/\/msc-pruem.de\/#website","url":"https:\/\/msc-pruem.de\/","name":"MSC Pr\u00fcm","description":"Die Info Seite des Motor Sport Club Pr\u00fcm e.V. im ADAC","publisher":{"@id":"https:\/\/msc-pruem.de\/#organization"},"potentialAction":[{"@type":"SearchAction","target":{"@type":"EntryPoint","urlTemplate":"https:\/\/msc-pruem.de\/?s={search_term_string}"},"query-input":{"@type":"PropertyValueSpecification","valueRequired":true,"valueName":"search_term_string"}}],"inLanguage":"de"},{"@type":"Organization","@id":"https:\/\/msc-pruem.de\/#organization","name":"MSC Pr\u00fcm","url":"https:\/\/msc-pruem.de\/","logo":{"@type":"ImageObject","inLanguage":"de","@id":"https:\/\/msc-pruem.de\/#\/schema\/logo\/image\/","url":"https:\/\/sad-engelbart.92-205-58-59.plesk.page\/wp-content\/uploads\/2022\/04\/cache_2420128692.jpg","contentUrl":"https:\/\/sad-engelbart.92-205-58-59.plesk.page\/wp-content\/uploads\/2022\/04\/cache_2420128692.jpg","width":152,"height":158,"caption":"MSC Pr\u00fcm"},"image":{"@id":"https:\/\/msc-pruem.de\/#\/schema\/logo\/image\/"},"sameAs":["https:\/\/www.facebook.com\/groups\/353381200062358"]}]}},"_links":{"self":[{"href":"https:\/\/msc-pruem.de\/index.php\/wp-json\/wp\/v2\/pages\/105","targetHints":{"allow":["GET"]}}],"collection":[{"href":"https:\/\/msc-pruem.de\/index.php\/wp-json\/wp\/v2\/pages"}],"about":[{"href":"https:\/\/msc-pruem.de\/index.php\/wp-json\/wp\/v2\/types\/page"}],"author":[{"embeddable":true,"href":"https:\/\/msc-pruem.de\/index.php\/wp-json\/wp\/v2\/users\/21"}],"replies":[{"embeddable":true,"href":"https:\/\/msc-pruem.de\/index.php\/wp-json\/wp\/v2\/comments?post=105"}],"version-history":[{"count":16,"href":"https:\/\/msc-pruem.de\/index.php\/wp-json\/wp\/v2\/pages\/105\/revisions"}],"predecessor-version":[{"id":1078,"href":"https:\/\/msc-pruem.de\/index.php\/wp-json\/wp\/v2\/pages\/105\/revisions\/1078"}],"wp:attachment":[{"href":"https:\/\/msc-pruem.de\/index.php\/wp-json\/wp\/v2\/media?parent=105"}],"curies":[{"name":"wp","href":"https:\/\/api.w.org\/{rel}","templated":true}]}}